{"id":7,"date":"2011-07-06T10:21:12","date_gmt":"2011-07-06T10:21:12","guid":{"rendered":"https:\/\/www.videnteadomicilio.com\/videncia-tarot-madrid\/?page_id=7"},"modified":"2017-03-13T09:51:34","modified_gmt":"2017-03-13T09:51:34","slug":"quienes-somos","status":"publish","type":"page","link":"https:\/\/www.videnteadomicilio.com\/videncia-tarot-madrid\/quienes-somos\/","title":{"rendered":"Qui\u00e9n soy"},"content":{"rendered":"<p>[et_pb_section bb_built=\u00bb1&#8243; admin_label=\u00bbSecci\u00f3n\u00bb fullwidth=\u00bbon\u00bb specialty=\u00bboff\u00bb][et_pb_fullwidth_header admin_label=\u00bbT\u00edtulo de anchura completa\u00bb title=\u00bbQUI\u00c9N SOY\u00bb background_layout=\u00bbdark\u00bb text_orientation=\u00bbleft\u00bb header_fullscreen=\u00bboff\u00bb header_scroll_down=\u00bboff\u00bb background_url=\u00bbhttps:\/\/www.videnteadomicilio.com\/videncia-tarot-madrid\/wp-content\/uploads\/2011\/07\/quien-soy-vidente-madrid-domicilio.jpg\u00bb parallax=\u00bboff\u00bb parallax_method=\u00bboff\u00bb content_orientation=\u00bbcenter\u00bb image_orientation=\u00bbcenter\u00bb custom_button_one=\u00bboff\u00bb button_one_letter_spacing=\u00bb0&#8243; button_one_use_icon=\u00bbdefault\u00bb button_one_icon_placement=\u00bbright\u00bb button_one_on_hover=\u00bbon\u00bb button_one_letter_spacing_hover=\u00bb0&#8243; custom_button_two=\u00bboff\u00bb button_two_letter_spacing=\u00bb0&#8243; button_two_use_icon=\u00bbdefault\u00bb button_two_icon_placement=\u00bbright\u00bb button_two_on_hover=\u00bbon\u00bb button_two_letter_spacing_hover=\u00bb0&#8243;] [\/et_pb_fullwidth_header][\/et_pb_section][et_pb_section bb_built=\u00bb1&#8243; admin_label=\u00bbsection\u00bb transparent_background=\u00bbon\u00bb allow_player_pause=\u00bboff\u00bb inner_shadow=\u00bboff\u00bb parallax=\u00bboff\u00bb parallax_method=\u00bboff\u00bb make_fullwidth=\u00bboff\u00bb use_custom_width=\u00bboff\u00bb width_unit=\u00bbon\u00bb make_equal=\u00bboff\u00bb use_custom_gutter=\u00bboff\u00bb][et_pb_row admin_label=\u00bbrow\u00bb][et_pb_column type=\u00bb2_3&#8243;][et_pb_text admin_label=\u00bbTexto\u00bb]<\/p>\n<p style=\"text-align: justify;\">Videnteadomicilio es el nuevo servicio de videncia y tarot a domicilio, creado por Teresa Pina para ti, un servicio exclusivo que se desplazar\u00e1 hasta tu domicilio para ofrecerte los mejores servicios de <a title=\"tarot videncia Madrid a domicilio a casa\" href=\"https:\/\/www.videnteadomicilio.com\/videncia-tarot-madrid\/nuestros-servicios\/\">Tarot y videncia en Madrid<\/a>, aunque <strong>si lo prefieres puedes venir a mi estudio de videncia y tarot en Madrid<\/strong>.<\/p>\n<p style=\"text-align: justify;\">No te cobrar\u00e9 cifras desorbitadas ni tampoco ofrezco Tarot o videncia a distancia<!--more-->, ni n\u00fameros 900, ni programas online impersonales y de dudosa eficacia. Solo profesionalidad, seriedad y confianza personales. Creo en lo que hago y en la capacidad que poseo para ayudarte. Me ver\u00e1s trabajar en directo porque me desplazo all\u00e1 donde tu est\u00e9s, dentro de la ciudad de Madrid, puedes llamar y comprobar\u00e1s que te ofrezco un servicio de calidad con un valor excelente porque tu eres una persona \u00fanica no permitas que te ofrezcan un servicio despersonalizado ni desde la distancia, no permitas que te cobren por medio de tu factura telef\u00f3nica por consejos desde la distancia, pide un servicio directo y personal, en exclusiva para ti por los mejores profesionales que te ofrecer\u00e1n el calor humano y los servicio de futurolog\u00eda que necesites.<\/p>\n<p style=\"text-align: justify;\">Si est\u00e1s perdido, quieres tomar una decisi\u00f3n, tienes problemas, dudas sobre tu futuro o no sabes que caminos tomar, no lo dudes te orientar\u00e9 y asesorar\u00e9 con mis t\u00e9cnicas de adivinaci\u00f3n y consulta, personalmente y con mi presencia personal porque tu eres importante, elige videnteadomicilio y volver\u00e1s a llamar.<\/p>\n<p>[\/et_pb_text][\/et_pb_column][et_pb_column type=\u00bb1_3&#8243;][et_pb_image admin_label=\u00bbImagen\u00bb src=\u00bbhttps:\/\/www.videnteadomicilio.com\/videncia-tarot-madrid\/wp-content\/uploads\/2011\/07\/quien-soy-vidente-domicilio-madrid.jpg\u00bb show_in_lightbox=\u00bbon\u00bb url_new_window=\u00bboff\u00bb use_overlay=\u00bbon\u00bb animation=\u00bbfade_in\u00bb sticky=\u00bboff\u00bb align=\u00bbcenter\u00bb force_fullwidth=\u00bboff\u00bb always_center_on_mobile=\u00bbon\u00bb use_border_color=\u00bboff\u00bb border_color=\u00bb#ffffff\u00bb border_style=\u00bbsolid\u00bb overlay_icon_color=\u00bb#ffffff\u00bb hover_overlay_color=\u00bbrgba(255,255,255,0.2)\u00bb hover_icon=\u00bb%%51%%\u00bb] [\/et_pb_image][et_pb_image admin_label=\u00bbImagen\u00bb src=\u00bbhttps:\/\/www.videnteadomicilio.com\/videncia-tarot-madrid\/wp-content\/uploads\/2011\/07\/tarotadomicilioMadrid.jpg\u00bb show_in_lightbox=\u00bbon\u00bb url_new_window=\u00bboff\u00bb use_overlay=\u00bbon\u00bb animation=\u00bbfade_in\u00bb sticky=\u00bboff\u00bb align=\u00bbcenter\u00bb force_fullwidth=\u00bboff\u00bb always_center_on_mobile=\u00bbon\u00bb use_border_color=\u00bboff\u00bb border_color=\u00bb#ffffff\u00bb border_style=\u00bbsolid\u00bb overlay_icon_color=\u00bb#ffffff\u00bb hover_overlay_color=\u00bbrgba(255,255,255,0.2)\u00bb hover_icon=\u00bb%%51%%\u00bb] [\/et_pb_image][\/et_pb_column][\/et_pb_row][\/et_pb_section]<\/p>\n","protected":false},"excerpt":{"rendered":"<p>Videnteadomicilio es el nuevo servicio de videncia y tarot a domicilio, creado por Teresa Pina para ti, un servicio exclusivo que se desplazar\u00e1 hasta tu domicilio para ofrecerte los mejores servicios de Tarot y videncia en Madrid, aunque si lo prefieres puedes venir a mi estudio de videncia y tarot en Madrid. No te cobrar\u00e9 [&hellip;]<\/p>\n","protected":false},"author":88889,"featured_media":0,"parent":0,"menu_order":0,"comment_status":"closed","ping_status":"open","template":"","meta":{"_et_pb_use_builder":"on","_et_pb_old_content":"<p style=\"text-align: justify;\">Videnteadomicilio es el nuevo servicio de videncia y tarot a domicilio, creado por Teresa Pina para ti, un servicio exclusivo que se desplazar\u00e1 hasta tu domicilio para ofrecerte los mejores servicios de <a title=\"tarot videncia Madrid a domicilio a casa\" href=\"https:\/\/www.videnteadomicilio.com\/videncia-tarot-madrid\/nuestros-servicios\/\">Tarot y videncia en Madrid<\/a>, aunque <strong>si lo prefieres puedes venir a mi estudio de videncia y tarot en Madrid<\/strong>.<\/p><p style=\"text-align: justify;\">No te cobrar\u00e9 cifras desorbitadas ni tampoco ofrezco Tarot o videncia a distancia<!--more-->, ni n\u00fameros 900, ni programas online impersonales y de dudosa eficacia. Solo profesionalidad, seriedad y confianza personales. Creo en lo que hago y en la capacidad que poseo para ayudarte. Me ver\u00e1s trabajar en directo porque me desplazo all\u00e1 donde tu est\u00e9s, dentro de la ciudad de Madrid, puedes llamar y comprobar\u00e1s que te ofrezco un servicio de calidad con un valor excelente porque tu eres una persona \u00fanica no permitas que te ofrezcan un servicio despersonalizado ni desde la distancia, no permitas que te cobren por medio de tu factura telef\u00f3nica por consejos desde la distancia, pide un servicio directo y personal, en exclusiva para ti por los mejores profesionales que te ofrecer\u00e1n el calor humano y los servicio de futurolog\u00eda que necesites.<\/p><p style=\"text-align: justify;\">Si est\u00e1s perdido, quieres tomar una decisi\u00f3n, tienes problemas, dudas sobre tu futuro o no sabes que caminos tomar, no lo dudes te orientar\u00e9 y asesorar\u00e9 con mis t\u00e9cnicas de adivinaci\u00f3n y consulta, personalmente y con mi presencia personal porque tu eres importante, elige videnteadomicilio y volver\u00e1s a llamar.<\/p>","_et_gb_content_width":"","footnotes":""},"class_list":["post-7","page","type-page","status-publish","hentry"],"_links":{"self":[{"href":"https:\/\/www.videnteadomicilio.com\/videncia-tarot-madrid\/wp-json\/wp\/v2\/pages\/7","targetHints":{"allow":["GET"]}}],"collection":[{"href":"https:\/\/www.videnteadomicilio.com\/videncia-tarot-madrid\/wp-json\/wp\/v2\/pages"}],"about":[{"href":"https:\/\/www.videnteadomicilio.com\/videncia-tarot-madrid\/wp-json\/wp\/v2\/types\/page"}],"author":[{"embeddable":true,"href":"https:\/\/www.videnteadomicilio.com\/videncia-tarot-madrid\/wp-json\/wp\/v2\/users\/88889"}],"replies":[{"embeddable":true,"href":"https:\/\/www.videnteadomicilio.com\/videncia-tarot-madrid\/wp-json\/wp\/v2\/comments?post=7"}],"version-history":[{"count":30,"href":"https:\/\/www.videnteadomicilio.com\/videncia-tarot-madrid\/wp-json\/wp\/v2\/pages\/7\/revisions"}],"predecessor-version":[{"id":208,"href":"https:\/\/www.videnteadomicilio.com\/videncia-tarot-madrid\/wp-json\/wp\/v2\/pages\/7\/revisions\/208"}],"wp:attachment":[{"href":"https:\/\/www.videnteadomicilio.com\/videncia-tarot-madrid\/wp-json\/wp\/v2\/media?parent=7"}],"curies":[{"name":"wp","href":"https:\/\/api.w.org\/{rel}","templated":true}]}}