{"id":142,"date":"2017-03-10T12:45:35","date_gmt":"2017-03-10T12:45:35","guid":{"rendered":"https:\/\/www.videnteadomicilio.com\/videncia-tarot-madrid\/?page_id=142"},"modified":"2023-02-20T10:04:48","modified_gmt":"2023-02-20T10:04:48","slug":"home","status":"publish","type":"page","link":"https:\/\/www.videnteadomicilio.com\/videncia-tarot-madrid\/","title":{"rendered":"Home"},"content":{"rendered":"<p>[et_pb_section bb_built=\u00bb1&#8243; admin_label=\u00bbSecci\u00f3n\u00bb fullwidth=\u00bbon\u00bb specialty=\u00bboff\u00bb][et_pb_fullwidth_header admin_label=\u00bbT\u00edtulo de anchura completa\u00bb background_layout=\u00bbdark\u00bb text_orientation=\u00bbcenter\u00bb header_fullscreen=\u00bboff\u00bb header_scroll_down=\u00bboff\u00bb background_url=\u00bbhttps:\/\/www.videnteadomicilio.com\/videncia-tarot-madrid\/wp-content\/uploads\/2017\/03\/vidente-tarot-madrid-inicio.jpg\u00bb parallax=\u00bbon\u00bb parallax_method=\u00bbon\u00bb content_orientation=\u00bbcenter\u00bb image_orientation=\u00bbcenter\u00bb custom_button_one=\u00bboff\u00bb button_one_letter_spacing=\u00bb0&#8243; button_one_use_icon=\u00bbdefault\u00bb button_one_icon_placement=\u00bbright\u00bb button_one_on_hover=\u00bbon\u00bb button_one_letter_spacing_hover=\u00bb0&#8243; custom_button_two=\u00bboff\u00bb button_two_letter_spacing=\u00bb0&#8243; button_two_use_icon=\u00bbdefault\u00bb button_two_icon_placement=\u00bbright\u00bb button_two_on_hover=\u00bbon\u00bb button_two_letter_spacing_hover=\u00bb0&#8243; background_overlay_color=\u00bbrgba(0,0,0,0.3)\u00bb title=\u00bbVIDENTE A DOMICILIO\u00bb title_font_size=\u00bb35px\u00bb custom_css_title=\u00bbletter-spacing: 2px;\u00bb]<\/p>\n<p>[\/et_pb_fullwidth_header][\/et_pb_section][et_pb_section bb_built=\u00bb1&#8243; admin_label=\u00bbsection\u00bb transparent_background=\u00bbon\u00bb allow_player_pause=\u00bboff\u00bb inner_shadow=\u00bboff\u00bb parallax=\u00bboff\u00bb parallax_method=\u00bboff\u00bb make_fullwidth=\u00bboff\u00bb use_custom_width=\u00bboff\u00bb width_unit=\u00bbon\u00bb make_equal=\u00bboff\u00bb use_custom_gutter=\u00bboff\u00bb custom_padding=\u00bb0px||0px|\u00bb][et_pb_row admin_label=\u00bbrow\u00bb][et_pb_column type=\u00bb4_4&#8243;][et_pb_text admin_label=\u00bbTexto\u00bb background_layout=\u00bblight\u00bb text_orientation=\u00bbleft\u00bb use_border_color=\u00bboff\u00bb border_color=\u00bb#ffffff\u00bb border_style=\u00bbsolid\u00bb]<\/p>\n<h1 style=\"text-align: center;\"><span style=\"color: #654e2d;\">Ahora la videncia y tarot en tu propia casa sin desplazamientos, sin 806 \/ 905&#8230; <\/span><\/h1>\n<h5 style=\"text-align: center;\"><span style=\"color: #b4a48d;\">UN SERVICIO DE VIDENCIA Y TAROT DIRECTO QUE SE DESPLAZA A TU PROPIO DOMICILIO: SERIO, PERSONAL Y DE CONFIANZA<\/span><\/h5>\n<h1 style=\"text-align: center;\"><\/h1>\n<p><img loading=\"lazy\" decoding=\"async\" class=\"aligncenter wp-image-351\" src=\"https:\/\/www.videnteadomicilio.com\/videncia-tarot-madrid\/wp-content\/uploads\/2017\/03\/vidente-a-domicilio-madrid-150x150.png\" alt=\"\" width=\"120\" height=\"120\" srcset=\"https:\/\/www.videnteadomicilio.com\/videncia-tarot-madrid\/wp-content\/uploads\/2017\/03\/vidente-a-domicilio-madrid-150x150.png 150w, https:\/\/www.videnteadomicilio.com\/videncia-tarot-madrid\/wp-content\/uploads\/2017\/03\/vidente-a-domicilio-madrid-300x300.png 300w, https:\/\/www.videnteadomicilio.com\/videncia-tarot-madrid\/wp-content\/uploads\/2017\/03\/vidente-a-domicilio-madrid.png 610w\" sizes=\"(max-width: 120px) 100vw, 120px\" \/><\/p>\n<p>[\/et_pb_text][\/et_pb_column][\/et_pb_row][\/et_pb_section][et_pb_section bb_built=\u00bb1&#8243; admin_label=\u00bbSecci\u00f3n\u00bb fullwidth=\u00bboff\u00bb specialty=\u00bboff\u00bb transparent_background=\u00bbon\u00bb allow_player_pause=\u00bboff\u00bb inner_shadow=\u00bboff\u00bb parallax=\u00bboff\u00bb parallax_method=\u00bboff\u00bb make_fullwidth=\u00bboff\u00bb use_custom_width=\u00bboff\u00bb width_unit=\u00bbon\u00bb make_equal=\u00bboff\u00bb use_custom_gutter=\u00bboff\u00bb][et_pb_row admin_label=\u00bbFila\u00bb][et_pb_column type=\u00bb1_3&#8243;][et_pb_blurb admin_label=\u00bbquien soy\u00bb url_new_window=\u00bboff\u00bb use_icon=\u00bbon\u00bb icon_color=\u00bb#b4a48d\u00bb use_circle=\u00bboff\u00bb circle_color=\u00bb#7EBEC5&#8243; use_circle_border=\u00bboff\u00bb circle_border_color=\u00bb#7EBEC5&#8243; icon_placement=\u00bbtop\u00bb animation=\u00bbtop\u00bb background_layout=\u00bblight\u00bb text_orientation=\u00bbleft\u00bb use_icon_font_size=\u00bbon\u00bb use_border_color=\u00bboff\u00bb border_color=\u00bb#ffffff\u00bb border_style=\u00bbsolid\u00bb title=\u00bbQUI\u00c9N SOY\u00bb icon_font_size=\u00bb45px\u00bb header_font_size=\u00bb22&#8243; background_color=\u00bb#ffffff\u00bb custom_padding=\u00bb20px|20px|20px|20px\u00bb font_icon=\u00bb%%258%%\u00bb custom_css_blurb_image=\u00bbmargin-bottom:10px!important;\u00bb header_text_color=\u00bb#654e2d\u00bb custom_css_main_element=\u00bbborder-bottom:2px solid #654e2d;\u00bb]<\/p>\n<p style=\"text-align: justify;\">Videnteadomicilio es el nuevo servicio de videncia y tarot a domicilio, creado por Teresa Pina para ti, un servicio exclusivo que se desplazar\u00e1 hasta tu domicilio para ofrecerte los mejores servicios de <a href=\"https:\/\/www.videnteadomicilio.com\/videncia-tarot-madrid\/nuestros-servicios\/\">Tarot y videncia en Madrid<\/a>, aunque <strong>si lo prefieres puedes venir a mi estudio de videncia y tarot en Madrid.<\/strong><\/p>\n<p style=\"text-align: justify;\">No te cobrar\u00e9 cifras desorbitadas ni tampoco ofrezco Tarot o videncia a distancia<\/p>\n<p>[\/et_pb_blurb][\/et_pb_column][et_pb_column type=\u00bb1_3&#8243;][et_pb_blurb admin_label=\u00bbmis servicios\u00bb url_new_window=\u00bboff\u00bb use_icon=\u00bbon\u00bb icon_color=\u00bb#b4a48d\u00bb use_circle=\u00bboff\u00bb circle_color=\u00bb#7EBEC5&#8243; use_circle_border=\u00bboff\u00bb circle_border_color=\u00bb#7EBEC5&#8243; icon_placement=\u00bbtop\u00bb animation=\u00bbtop\u00bb background_layout=\u00bblight\u00bb text_orientation=\u00bbleft\u00bb use_icon_font_size=\u00bbon\u00bb use_border_color=\u00bboff\u00bb border_color=\u00bb#ffffff\u00bb border_style=\u00bbsolid\u00bb title=\u00bbMIS SERVICIOS\u00bb custom_css_blurb_image=\u00bbmargin-bottom:10px!important;\u00bb font_icon=\u00bb%%68%%\u00bb icon_font_size=\u00bb45px\u00bb header_font_size=\u00bb22&#8243; background_color=\u00bb#ffffff\u00bb custom_padding=\u00bb20px|20px|20px|20px\u00bb header_text_color=\u00bb#654e2d\u00bb custom_css_main_element=\u00bbborder-bottom:2px solid #654e2d;\u00bb]<\/p>\n<p style=\"text-align: justify;\"><strong>Soy Teresa Pina, tarotista, vidente y medium con a\u00f1os de experiencia<\/strong> y con el aval de un porcentaje de aciertos del 100% garantizado.<\/p>\n<p style=\"text-align: justify;\">Te ofrezco un nuevo servicio exclusivo y diferente, de dos formas distintas, o bien te desplazas a mi domicilio, o bien yo me desplazo all\u00e1 donde quieras en la comodidad de tu domicilio para disfrutar de mis <a href=\"https:\/\/www.videnteadomicilio.com\/videncia-tarot-madrid\/quienes-somos\/\">servicios especializados de videncia y tarot.<\/a><\/p>\n<p>[\/et_pb_blurb][\/et_pb_column][et_pb_column type=\u00bb1_3&#8243;][et_pb_blurb admin_label=\u00bbcontactar\u00bb url_new_window=\u00bboff\u00bb use_icon=\u00bbon\u00bb icon_color=\u00bb#b4a48d\u00bb use_circle=\u00bboff\u00bb circle_color=\u00bb#7EBEC5&#8243; use_circle_border=\u00bboff\u00bb circle_border_color=\u00bb#7EBEC5&#8243; icon_placement=\u00bbtop\u00bb animation=\u00bbtop\u00bb background_layout=\u00bblight\u00bb text_orientation=\u00bbleft\u00bb use_icon_font_size=\u00bbon\u00bb use_border_color=\u00bboff\u00bb border_color=\u00bb#ffffff\u00bb border_style=\u00bbsolid\u00bb title=\u00bbCONTACTAR\u00bb custom_css_blurb_image=\u00bbmargin-bottom:10px!important;\u00bb icon_font_size=\u00bb45px\u00bb header_font_size=\u00bb22&#8243; background_color=\u00bb#ffffff\u00bb custom_padding=\u00bb20px|20px|20px|20px\u00bb font_icon=\u00bb%%109%%\u00bb header_text_color=\u00bb#654e2d\u00bb custom_css_main_element=\u00bbborder-bottom:2px solid #654e2d;\u00bb]<\/p>\n<p style=\"text-align: justify;\">Si tienes dudas sobre cualquiera de mis <strong>servicios de videncia y tarot a domicilio<\/strong> puedes hacer cualquier consulta o escribir para pedirnos una cita a trav\u00e9s del siguiente <a href=\"https:\/\/www.videnteadomicilio.com\/videncia-tarot-madrid\/contactar\/\">formulario de contacto.<\/a><\/p>\n<p style=\"text-align: justify;\">Resolver\u00e9 todas tus dudas y comprobar\u00e1s mi seriedad y profesionalidad de viva voz, si lo prefieres puedes llamar por tel\u00e9fono para concertar una cita o si tienes alguna pregunta que hacer\u2026<\/p>\n<p>[\/et_pb_blurb][\/et_pb_column][\/et_pb_row][\/et_pb_section]<\/p>\n","protected":false},"excerpt":{"rendered":"<p>Ahora la videncia y tarot en tu propia casa sin desplazamientos, sin 806 \/ 905&#8230; UN SERVICIO DE VIDENCIA Y TAROT DIRECTO QUE SE DESPLAZA A TU PROPIO DOMICILIO: SERIO, PERSONAL Y DE CONFIANZA Videnteadomicilio es el nuevo servicio de videncia y tarot a domicilio, creado por Teresa Pina para ti, un servicio exclusivo que [&hellip;]<\/p>\n","protected":false},"author":88889,"featured_media":0,"parent":0,"menu_order":0,"comment_status":"closed","ping_status":"closed","template":"","meta":{"_et_pb_use_builder":"on","_et_pb_old_content":"","_et_gb_content_width":"","footnotes":""},"class_list":["post-142","page","type-page","status-publish","hentry"],"_links":{"self":[{"href":"https:\/\/www.videnteadomicilio.com\/videncia-tarot-madrid\/wp-json\/wp\/v2\/pages\/142","targetHints":{"allow":["GET"]}}],"collection":[{"href":"https:\/\/www.videnteadomicilio.com\/videncia-tarot-madrid\/wp-json\/wp\/v2\/pages"}],"about":[{"href":"https:\/\/www.videnteadomicilio.com\/videncia-tarot-madrid\/wp-json\/wp\/v2\/types\/page"}],"author":[{"embeddable":true,"href":"https:\/\/www.videnteadomicilio.com\/videncia-tarot-madrid\/wp-json\/wp\/v2\/users\/88889"}],"replies":[{"embeddable":true,"href":"https:\/\/www.videnteadomicilio.com\/videncia-tarot-madrid\/wp-json\/wp\/v2\/comments?post=142"}],"version-history":[{"count":40,"href":"https:\/\/www.videnteadomicilio.com\/videncia-tarot-madrid\/wp-json\/wp\/v2\/pages\/142\/revisions"}],"predecessor-version":[{"id":355,"href":"https:\/\/www.videnteadomicilio.com\/videncia-tarot-madrid\/wp-json\/wp\/v2\/pages\/142\/revisions\/355"}],"wp:attachment":[{"href":"https:\/\/www.videnteadomicilio.com\/videncia-tarot-madrid\/wp-json\/wp\/v2\/media?parent=142"}],"curies":[{"name":"wp","href":"https:\/\/api.w.org\/{rel}","templated":true}]}}